{"id":630,"date":"2024-08-29T12:30:30","date_gmt":"2024-08-29T12:30:30","guid":{"rendered":"https:\/\/us.biaxol.com\/product\/cardarina-gw501516\/"},"modified":"2025-07-23T14:07:36","modified_gmt":"2025-07-23T14:07:36","slug":"cardarina-gw501516","status":"publish","type":"product","link":"https:\/\/us.biaxol.com\/es\/product\/cardarina-gw501516\/","title":{"rendered":"Cardarine GW501516"},"content":{"rendered":"","protected":false},"excerpt":{"rendered":"<p><span style=\"font-weight: 400;\">La cardarina (GW501516) es un ligando sint\u00e9tico del <\/span><b>receptor delta activado por el proliferador de peroxisomas (PPAR-\u03b4)<\/b><span style=\"font-weight: 400;\">desarrollado originalmente por Ligand Pharmaceuticals y GlaxoSmithKline. Se ha estudiado ampliamente en modelos precl\u00ednicos por su <\/span><b>propiedades reguladoras metab\u00f3licas<\/b><span style=\"font-weight: 400;\">especialmente en relaci\u00f3n con el metabolismo lip\u00eddico, la resistencia y el equilibrio energ\u00e9tico.<\/span><\/p>\n<h2><strong><a href=\"https:\/\/janoshik.com\/tests\/45546-CARDARINE_GW501516_10mgml_RHIA49KLTLXE\" target=\"_blank\" rel=\"noopener\">PRUEBA DE CALIDAD<\/a><\/strong><\/h2>\n<h2><b>\u00c1reas de investigaci\u00f3n<\/b><\/h2>\n<ul>\n<li style=\"font-weight: 400;\" aria-level=\"1\"><b>Activaci\u00f3n de las v\u00edas de se\u00f1alizaci\u00f3n PPAR-\u03b4:<\/b><b><br \/>\n<\/b><span style=\"font-weight: 400;\">El GW501516 presenta una elevada selectividad para el PPAR-\u03b4, con una especificidad m\u00e1s de 1000 veces superior a la de otros subtipos de PPAR. Tras su activaci\u00f3n, modula la transcripci\u00f3n de genes relacionados con <\/span><b>la oxidaci\u00f3n de los \u00e1cidos grasos y la utilizaci\u00f3n de la energ\u00eda<\/b><span style=\"font-weight: 400;\">aumentando notablemente la expresi\u00f3n de CPT1, CD36 y PGC-1\u03b1 en los tejidos del m\u00fasculo esquel\u00e9tico y del h\u00edgado<\/span><\/li>\n<li style=\"font-weight: 400;\" aria-level=\"1\"><b>Regulaci\u00f3n Metab\u00f3lica en Estudios Animales o In Vitro:<\/b><b><br \/>\n<\/b><span style=\"font-weight: 400;\">Estudios publicados por <\/span><a href=\"https:\/\/www.pnas.org\/doi\/10.1073\/pnas.0711875105\"><b>PNAS<\/b><\/a><span style=\"font-weight: 400;\">\u00a0han demostrado que el GW501516 mejora <\/span><b>metabolismo de las grasas<\/b><span style=\"font-weight: 400;\">mejora la sensibilidad a la insulina y protege contra la obesidad inducida por la dieta y la dislipidemia<\/span><\/li>\n<li style=\"font-weight: 400;\" aria-level=\"1\"><b>Efectos observados en los marcadores de resistencia en entornos controlados:<\/b><b><br \/>\n<\/b><span style=\"font-weight: 400;\">En un <a href=\"https:\/\/pubmed.ncbi.nlm.nih.gov\/18674809\/\">estudio<\/a> hist\u00f3rico <\/span><b>Narkar et al. (2008)<\/b><span style=\"font-weight: 400;\">\u00a0mostraron que el tratamiento con GW501516 mejoraba significativamente las distancias m\u00e1s largas (+100 minutos de resistencia) en comparaci\u00f3n con los controles. El tratamiento promovi\u00f3 un efecto &#8220;ahorrador de glucosa&#8221; al aumentar la oxidaci\u00f3n de grasas durante la actividad f\u00edsica. <\/span><\/li>\n<li style=\"font-weight: 400;\" aria-level=\"1\"><b>Utilizaci\u00f3n de sustratos energ\u00e9ticos en modelos de laboratorio:<\/b><b><br \/>\n<\/b><span style=\"font-weight: 400;\">Los perfiles metabol\u00f3micos indicaron que la cardarina reprograma las fibras musculares esquel\u00e9ticas para favorecer el metabolismo oxidativo, imitando ciertas adaptaciones observadas en atletas de resistencia entrenados<\/span><\/li>\n<\/ul>\n<h2><b>Posibles observaciones en la investigaci\u00f3n<\/b><\/h2>\n<ul>\n<li style=\"font-weight: 400;\" aria-level=\"1\"><b>Alteraciones de los Perfiles Lip\u00eddicos:<\/b><b><br \/>\n<\/b><span style=\"font-weight: 400;\">En estudios con roedores y primates, se ha demostrado que el GW501516 aumenta <\/span><b>HDL (colesterol bueno)<\/b><span style=\"font-weight: 400;\"> y reducir <\/span><b>los niveles de triglic\u00e9ridos y LDL\/VLDL<\/b><\/li>\n<li style=\"font-weight: 400;\" aria-level=\"1\"><b>Variaciones de la respuesta digestiva en los modelos de prueba:<\/b><b><br \/>\n<\/b><span style=\"font-weight: 400;\">Algunos estudios a corto plazo informan de irregularidades gastrointestinales leves, aunque \u00e9stas dependen del modelo y no se observan de manera uniforme.<\/span><\/li>\n<\/ul>\n<h2><b>Informaci\u00f3n sobre manipulaci\u00f3n y dosificaci\u00f3n<\/b><\/h2>\n<p><span style=\"font-weight: 400;\">Intervalo de concentraci\u00f3n: <\/span><b>10-20mg\/mL<\/b><span style=\"font-weight: 400;\">. Los investigadores pueden ajustar el volumen utilizado en funci\u00f3n de los requisitos de su protocolo. En algunos entornos, se ha explorado la administraci\u00f3n sublingual para evaluar la cin\u00e9tica de absorci\u00f3n, pero esto es <\/span><b>no es un requisito para todos los dise\u00f1os de estudio<\/b><span style=\"font-weight: 400;\"> y sigue siendo un elemento variable en funci\u00f3n del m\u00e9todo de entrega utilizado.<\/span><\/p>\n<p><b>Aviso importante:<\/b><b><br \/>\n<\/b><span style=\"font-weight: 400;\">Este producto est\u00e1 destinado exclusivamente a la investigaci\u00f3n en laboratorio. No est\u00e1 destinado al consumo humano, ni a uso m\u00e9dico, veterinario o dom\u00e9stico. Mantener fuera del alcance de los ni\u00f1os. <\/span><\/p>\n<p><b>Descargo de responsabilidad de la FDA: <\/b><span style=\"font-weight: 400;\">Las afirmaciones contenidas en este sitio web no han sido evaluadas por la Administraci\u00f3n de Alimentos y Medicamentos de EEUU. Las afirmaciones y los productos de esta empresa no pretenden diagnosticar, tratar, curar ni prevenir ninguna enfermedad. Todos los productos son para USO EXCLUSIVO en investigaci\u00f3n de desarrollo en laboratorio. Los productos no son para consumo humano. <\/span><\/p>\n","protected":false},"featured_media":383,"comment_status":"open","ping_status":"closed","template":"","meta":[],"product_brand":[],"product_cat":[34],"product_tag":[],"class_list":{"0":"post-630","1":"product","2":"type-product","3":"status-publish","4":"has-post-thumbnail","6":"product_cat-sarms-es","8":"first","9":"instock","10":"shipping-taxable","11":"purchasable","12":"product-type-simple"},"yoast_head":"<!-- This site is optimized with the Yoast SEO plugin v23.9 - https:\/\/yoast.com\/wordpress\/plugins\/seo\/ -->\n<title>Cardarine Comprar - GW501516 - 60 c\u00e1psulas \/ 10 mg - Biaxol<\/title>\n<meta name=\"description\" content=\"Descubre qu\u00e9 es Cardarine, un activador conocido como GW5051516, ideal para promover la p\u00e9rdida de peso. Compra online Cardarine Espa\u00f1a de Biaxol.\" \/>\n<meta name=\"robots\" content=\"index, follow, max-snippet:-1, max-image-preview:large, max-video-preview:-1\" \/>\n<link rel=\"canonical\" href=\"https:\/\/us.biaxol.com\/es\/product\/cardarina-gw501516\/\" \/>\n<meta property=\"og:locale\" content=\"es_ES\" \/>\n<meta property=\"og:type\" content=\"article\" \/>\n<meta property=\"og:title\" content=\"Cardarine Comprar - GW501516 - 60 c\u00e1psulas \/ 10 mg - Biaxol\" \/>\n<meta property=\"og:description\" content=\"Descubre qu\u00e9 es Cardarine, un activador conocido como GW5051516, ideal para promover la p\u00e9rdida de peso. Compra online Cardarine Espa\u00f1a de Biaxol.\" \/>\n<meta property=\"og:url\" content=\"https:\/\/us.biaxol.com\/es\/product\/cardarina-gw501516\/\" \/>\n<meta property=\"og:site_name\" content=\"US Biaxol\" \/>\n<meta property=\"article:modified_time\" content=\"2025-07-23T14:07:36+00:00\" \/>\n<meta property=\"og:image\" content=\"https:\/\/us.biaxol.com\/app\/uploads\/2024\/08\/1_CARDARINE.png\" \/>\n\t<meta property=\"og:image:width\" content=\"1500\" \/>\n\t<meta property=\"og:image:height\" content=\"1500\" \/>\n\t<meta property=\"og:image:type\" content=\"image\/png\" \/>\n<meta name=\"twitter:card\" content=\"summary_large_image\" \/>\n<meta name=\"twitter:label1\" content=\"Est. reading time\" \/>\n\t<meta name=\"twitter:data1\" content=\"1 minute\" \/>\n<script type=\"application\/ld+json\" class=\"yoast-schema-graph\">{\"@context\":\"https:\/\/schema.org\",\"@graph\":[{\"@type\":\"WebPage\",\"@id\":\"https:\/\/us.biaxol.com\/es\/product\/cardarina-gw501516\/\",\"url\":\"https:\/\/us.biaxol.com\/es\/product\/cardarina-gw501516\/\",\"name\":\"Cardarine Comprar - GW501516 - 60 c\u00e1psulas \/ 10 mg - Biaxol\",\"isPartOf\":{\"@id\":\"https:\/\/us.biaxol.com\/es\/#website\"},\"primaryImageOfPage\":{\"@id\":\"https:\/\/us.biaxol.com\/es\/product\/cardarina-gw501516\/#primaryimage\"},\"image\":{\"@id\":\"https:\/\/us.biaxol.com\/es\/product\/cardarina-gw501516\/#primaryimage\"},\"thumbnailUrl\":\"https:\/\/us.biaxol.com\/app\/uploads\/2024\/08\/1_CARDARINE.png\",\"datePublished\":\"2024-08-29T12:30:30+00:00\",\"dateModified\":\"2025-07-23T14:07:36+00:00\",\"description\":\"Descubre qu\u00e9 es Cardarine, un activador conocido como GW5051516, ideal para promover la p\u00e9rdida de peso. Compra online Cardarine Espa\u00f1a de Biaxol.\",\"breadcrumb\":{\"@id\":\"https:\/\/us.biaxol.com\/es\/product\/cardarina-gw501516\/#breadcrumb\"},\"inLanguage\":\"es-ES\",\"potentialAction\":[{\"@type\":\"ReadAction\",\"target\":[\"https:\/\/us.biaxol.com\/es\/product\/cardarina-gw501516\/\"]}]},{\"@type\":\"ImageObject\",\"inLanguage\":\"es-ES\",\"@id\":\"https:\/\/us.biaxol.com\/es\/product\/cardarina-gw501516\/#primaryimage\",\"url\":\"https:\/\/us.biaxol.com\/app\/uploads\/2024\/08\/1_CARDARINE.png\",\"contentUrl\":\"https:\/\/us.biaxol.com\/app\/uploads\/2024\/08\/1_CARDARINE.png\",\"width\":1500,\"height\":1500},{\"@type\":\"BreadcrumbList\",\"@id\":\"https:\/\/us.biaxol.com\/es\/product\/cardarina-gw501516\/#breadcrumb\",\"itemListElement\":[{\"@type\":\"ListItem\",\"position\":1,\"name\":\"Home\",\"item\":\"https:\/\/us.biaxol.com\/es\/inicio\/\"},{\"@type\":\"ListItem\",\"position\":2,\"name\":\"Tienda\",\"item\":\"https:\/\/us.biaxol.com\/es\/tienda\/\"},{\"@type\":\"ListItem\",\"position\":3,\"name\":\"Cardarine GW501516\"}]},{\"@type\":\"WebSite\",\"@id\":\"https:\/\/us.biaxol.com\/es\/#website\",\"url\":\"https:\/\/us.biaxol.com\/es\/\",\"name\":\"US Biaxol\",\"description\":\"\",\"potentialAction\":[{\"@type\":\"SearchAction\",\"target\":{\"@type\":\"EntryPoint\",\"urlTemplate\":\"https:\/\/us.biaxol.com\/es\/?s={search_term_string}\"},\"query-input\":{\"@type\":\"PropertyValueSpecification\",\"valueRequired\":true,\"valueName\":\"search_term_string\"}}],\"inLanguage\":\"es-ES\"}]}<\/script>\n<!-- \/ Yoast SEO plugin. -->","yoast_head_json":{"title":"Cardarine Comprar - GW501516 - 60 c\u00e1psulas \/ 10 mg - Biaxol","description":"Descubre qu\u00e9 es Cardarine, un activador conocido como GW5051516, ideal para promover la p\u00e9rdida de peso. Compra online Cardarine Espa\u00f1a de Biaxol.","robots":{"index":"index","follow":"follow","max-snippet":"max-snippet:-1","max-image-preview":"max-image-preview:large","max-video-preview":"max-video-preview:-1"},"canonical":"https:\/\/us.biaxol.com\/es\/product\/cardarina-gw501516\/","og_locale":"es_ES","og_type":"article","og_title":"Cardarine Comprar - GW501516 - 60 c\u00e1psulas \/ 10 mg - Biaxol","og_description":"Descubre qu\u00e9 es Cardarine, un activador conocido como GW5051516, ideal para promover la p\u00e9rdida de peso. Compra online Cardarine Espa\u00f1a de Biaxol.","og_url":"https:\/\/us.biaxol.com\/es\/product\/cardarina-gw501516\/","og_site_name":"US Biaxol","article_modified_time":"2025-07-23T14:07:36+00:00","og_image":[{"width":1500,"height":1500,"url":"https:\/\/us.biaxol.com\/app\/uploads\/2024\/08\/1_CARDARINE.png","type":"image\/png"}],"twitter_card":"summary_large_image","twitter_misc":{"Est. reading time":"1 minute"},"schema":{"@context":"https:\/\/schema.org","@graph":[{"@type":"WebPage","@id":"https:\/\/us.biaxol.com\/es\/product\/cardarina-gw501516\/","url":"https:\/\/us.biaxol.com\/es\/product\/cardarina-gw501516\/","name":"Cardarine Comprar - GW501516 - 60 c\u00e1psulas \/ 10 mg - Biaxol","isPartOf":{"@id":"https:\/\/us.biaxol.com\/es\/#website"},"primaryImageOfPage":{"@id":"https:\/\/us.biaxol.com\/es\/product\/cardarina-gw501516\/#primaryimage"},"image":{"@id":"https:\/\/us.biaxol.com\/es\/product\/cardarina-gw501516\/#primaryimage"},"thumbnailUrl":"https:\/\/us.biaxol.com\/app\/uploads\/2024\/08\/1_CARDARINE.png","datePublished":"2024-08-29T12:30:30+00:00","dateModified":"2025-07-23T14:07:36+00:00","description":"Descubre qu\u00e9 es Cardarine, un activador conocido como GW5051516, ideal para promover la p\u00e9rdida de peso. Compra online Cardarine Espa\u00f1a de Biaxol.","breadcrumb":{"@id":"https:\/\/us.biaxol.com\/es\/product\/cardarina-gw501516\/#breadcrumb"},"inLanguage":"es-ES","potentialAction":[{"@type":"ReadAction","target":["https:\/\/us.biaxol.com\/es\/product\/cardarina-gw501516\/"]}]},{"@type":"ImageObject","inLanguage":"es-ES","@id":"https:\/\/us.biaxol.com\/es\/product\/cardarina-gw501516\/#primaryimage","url":"https:\/\/us.biaxol.com\/app\/uploads\/2024\/08\/1_CARDARINE.png","contentUrl":"https:\/\/us.biaxol.com\/app\/uploads\/2024\/08\/1_CARDARINE.png","width":1500,"height":1500},{"@type":"BreadcrumbList","@id":"https:\/\/us.biaxol.com\/es\/product\/cardarina-gw501516\/#breadcrumb","itemListElement":[{"@type":"ListItem","position":1,"name":"Home","item":"https:\/\/us.biaxol.com\/es\/inicio\/"},{"@type":"ListItem","position":2,"name":"Tienda","item":"https:\/\/us.biaxol.com\/es\/tienda\/"},{"@type":"ListItem","position":3,"name":"Cardarine GW501516"}]},{"@type":"WebSite","@id":"https:\/\/us.biaxol.com\/es\/#website","url":"https:\/\/us.biaxol.com\/es\/","name":"US Biaxol","description":"","potentialAction":[{"@type":"SearchAction","target":{"@type":"EntryPoint","urlTemplate":"https:\/\/us.biaxol.com\/es\/?s={search_term_string}"},"query-input":{"@type":"PropertyValueSpecification","valueRequired":true,"valueName":"search_term_string"}}],"inLanguage":"es-ES"}]}},"_links":{"self":[{"href":"https:\/\/us.biaxol.com\/es\/wp-json\/wp\/v2\/product\/630","targetHints":{"allow":["GET"]}}],"collection":[{"href":"https:\/\/us.biaxol.com\/es\/wp-json\/wp\/v2\/product"}],"about":[{"href":"https:\/\/us.biaxol.com\/es\/wp-json\/wp\/v2\/types\/product"}],"replies":[{"embeddable":true,"href":"https:\/\/us.biaxol.com\/es\/wp-json\/wp\/v2\/comments?post=630"}],"version-history":[{"count":6,"href":"https:\/\/us.biaxol.com\/es\/wp-json\/wp\/v2\/product\/630\/revisions"}],"predecessor-version":[{"id":1857,"href":"https:\/\/us.biaxol.com\/es\/wp-json\/wp\/v2\/product\/630\/revisions\/1857"}],"wp:featuredmedia":[{"embeddable":true,"href":"https:\/\/us.biaxol.com\/es\/wp-json\/wp\/v2\/media\/383"}],"wp:attachment":[{"href":"https:\/\/us.biaxol.com\/es\/wp-json\/wp\/v2\/media?parent=630"}],"wp:term":[{"taxonomy":"product_brand","embeddable":true,"href":"https:\/\/us.biaxol.com\/es\/wp-json\/wp\/v2\/product_brand?post=630"},{"taxonomy":"product_cat","embeddable":true,"href":"https:\/\/us.biaxol.com\/es\/wp-json\/wp\/v2\/product_cat?post=630"},{"taxonomy":"product_tag","embeddable":true,"href":"https:\/\/us.biaxol.com\/es\/wp-json\/wp\/v2\/product_tag?post=630"}],"curies":[{"name":"wp","href":"https:\/\/api.w.org\/{rel}","templated":true}]}}