{"id":629,"date":"2024-08-29T12:30:30","date_gmt":"2024-08-29T12:30:30","guid":{"rendered":"https:\/\/us.biaxol.com\/product\/ligandrol-lgd4033\/"},"modified":"2025-08-26T11:00:32","modified_gmt":"2025-08-26T11:00:32","slug":"ligandrol-lgd4033-2","status":"publish","type":"product","link":"https:\/\/us.biaxol.com\/es\/product\/ligandrol-lgd4033-2\/","title":{"rendered":"Ligandrol LGD4033"},"content":{"rendered":"","protected":false},"excerpt":{"rendered":"<p><b>Ligandrol (LGD-4033) <\/b><span style=\"font-weight: 400;\">es un Modulador Selectivo del Receptor de Andr\u00f3genos (SARM) que se ha evaluado en diversos entornos de investigaci\u00f3n no cl\u00ednicos y de investigaci\u00f3n por su alta afinidad y selectividad hacia los receptores de andr\u00f3genos. Se estudia con frecuencia por su papel potencial en la modulaci\u00f3n de la actividad anab\u00f3lica, el desarrollo del tejido magro y las v\u00edas de se\u00f1alizaci\u00f3n del receptor de andr\u00f3genos.<\/span><\/p>\n<h2><strong><a href=\"https:\/\/janoshik.com\/tests\/45547-LIGANDOL_LGD4033_10mgml_BYP1WR3SKS4N\" target=\"_blank\" rel=\"noopener\">PRUEBA DE CALIDAD<\/a><\/strong><\/h2>\n<h2><b>\u00c1reas de investigaci\u00f3n<\/b><\/h2>\n<ul>\n<li aria-level=\"1\"><b>Se\u00f1alizaci\u00f3n anab\u00f3lica y selectividad de receptores:<\/b><b><br \/>\n<\/b><b>EL LGD-4033 <\/b><span style=\"font-weight: 400;\">ha demostrado la capacidad de unirse selectivamente a los receptores de andr\u00f3genos, activando las v\u00edas anab\u00f3licas relacionadas con el mantenimiento del tejido magro y minimizando los efectos no deseados.<\/span><\/li>\n<\/ul>\n<ul>\n<li aria-level=\"1\"><b>Cambios en la composici\u00f3n de los tejidos:<\/b><b><br \/>\n<\/b><b><a href=\"https:\/\/vikingtherapeutics.com\/wp-content\/uploads\/Vajda-SARM-Builds-Muscle-and-Bone-with-Reduced-Prostate-Activity-Poster-Gerontology-Soc.-2009.pdf\">Investigaci\u00f3n<\/a> de Viking Theurapetics<\/b><span style=\"font-weight: 400;\">\u00a0ha demostrado aumentos dependientes de la dosis en la masa magra y cambios favorables en la composici\u00f3n corporal en entornos controlados. Estos efectos se produjeron sin aumentos concurrentes significativos de los indicadores de masa no magra. <\/span><\/li>\n<\/ul>\n<ul>\n<li aria-level=\"1\"><b>Perfil de actividad y selectividad del receptor de andr\u00f3genos:<\/b><b><br \/>\n<\/b><span style=\"font-weight: 400;\">El LGD-4033 activa las dianas del receptor de andr\u00f3genos relacionadas con el desarrollo muscular y tisular, con una actividad limitada en los tejidos no diana, lo que respalda su clasificaci\u00f3n como modulador selectivo.<\/span><\/li>\n<\/ul>\n<ul>\n<li aria-level=\"1\"><b>M\u00e9tricas de rendimiento f\u00edsico y recuperaci\u00f3n:<\/b><b><br \/>\n<\/b><b>Datos de <a href=\"https:\/\/pubmed.ncbi.nlm.nih.gov\/22459616\/\">investigaci\u00f3n<\/a><\/b><b>\u00a0<\/b><span style=\"font-weight: 400;\">sugieren mejoras en los marcadores de fuerza y en los plazos de recuperaci\u00f3n funcional en condiciones de investigaci\u00f3n monitorizadas.<\/span><\/li>\n<\/ul>\n<h2><b>Posibles observaciones en la investigaci\u00f3n<\/b><\/h2>\n<ul>\n<li aria-level=\"1\"><b>Perfil de efectos secundarios leves:<\/b><b><br \/>\n<\/b><span style=\"font-weight: 400;\">Los informes de los estudios controlados incluyen dolores de cabeza o n\u00e1useas ocasionales. Normalmente eran leves y se resolv\u00edan sin intervenci\u00f3n. <\/span><\/li>\n<\/ul>\n<ul>\n<li aria-level=\"1\"><b>Precauci\u00f3n en contextos de investigaci\u00f3n reproductiva:<\/b><b><br \/>\n<\/b><span style=\"font-weight: 400;\">No se aconseja su uso en investigaciones relacionadas con la reproducci\u00f3n debido a la falta de datos suficientes sobre toxicidad y teratogenicidad.<\/span><\/li>\n<\/ul>\n<h2><b>Informaci\u00f3n sobre manipulaci\u00f3n y dosificaci\u00f3n<\/b><\/h2>\n<p><span style=\"font-weight: 400;\">Las concentraciones t\u00edpicas oscilan entre 5-30 mg\/mL. El volumen aplicado debe ajustarse a las necesidades del protocolo de investigaci\u00f3n espec\u00edfico. Algunos estudios incluyen la administraci\u00f3n sublingual como parte del m\u00e9todo de ensayo, pero esto no es necesario en todos los marcos experimentales. <\/span><\/p>\n<p><b>Aviso importante:<\/b><b><br \/>\n<\/b><span style=\"font-weight: 400;\">Este producto est\u00e1 destinado exclusivamente a la investigaci\u00f3n en laboratorio. No est\u00e1 destinado al consumo humano, ni a uso m\u00e9dico, veterinario o dom\u00e9stico. Mantener fuera del alcance de los ni\u00f1os. <\/span><\/p>\n<p><b>Descargo de responsabilidad de la FDA: <\/b><span style=\"font-weight: 400;\">Las afirmaciones contenidas en este sitio web no han sido evaluadas por la Administraci\u00f3n de Alimentos y Medicamentos de EEUU. Las afirmaciones y los productos de esta empresa no pretenden diagnosticar, tratar, curar ni prevenir ninguna enfermedad. Todos los productos son para USO EXCLUSIVO en investigaci\u00f3n de desarrollo en laboratorio. Los productos no son para consumo humano. <\/span><\/p>\n","protected":false},"featured_media":376,"comment_status":"open","ping_status":"closed","template":"","meta":[],"product_brand":[],"product_cat":[17],"product_tag":[],"class_list":{"0":"post-629","1":"product","2":"type-product","3":"status-publish","4":"has-post-thumbnail","6":"product_cat-sarms","8":"first","9":"instock","10":"shipping-taxable","11":"purchasable","12":"product-type-simple"},"yoast_head":"<!-- This site is optimized with the Yoast SEO plugin v23.9 - https:\/\/yoast.com\/wordpress\/plugins\/seo\/ -->\n<title>Ligandrol comprar LGD4033 - 60 c\u00e1psulas \/ 10 mg - Biaxol<\/title>\n<meta name=\"description\" content=\"El Biaxol Ligandrol incrementa la masa muscular y puedes comprar Ligandrol Espa\u00f1a para reducir la grasa corporal. Ligandrol SARMS ofrece y un f\u00edsico m\u00e1s definido. Obten 60 c\u00e1psulas de 10 mg de Ligandrol LGD-4033 online.\" \/>\n<meta name=\"robots\" content=\"index, follow, max-snippet:-1, max-image-preview:large, max-video-preview:-1\" \/>\n<link rel=\"canonical\" href=\"https:\/\/us.biaxol.com\/es\/product\/ligandrol-lgd4033-2\/\" \/>\n<meta property=\"og:locale\" content=\"es_ES\" \/>\n<meta property=\"og:type\" content=\"article\" \/>\n<meta property=\"og:title\" content=\"Ligandrol comprar LGD4033 - 60 c\u00e1psulas \/ 10 mg - Biaxol\" \/>\n<meta property=\"og:description\" content=\"El Biaxol Ligandrol incrementa la masa muscular y puedes comprar Ligandrol Espa\u00f1a para reducir la grasa corporal. Ligandrol SARMS ofrece y un f\u00edsico m\u00e1s definido. Obten 60 c\u00e1psulas de 10 mg de Ligandrol LGD-4033 online.\" \/>\n<meta property=\"og:url\" content=\"https:\/\/us.biaxol.com\/es\/product\/ligandrol-lgd4033-2\/\" \/>\n<meta property=\"og:site_name\" content=\"US Biaxol\" \/>\n<meta property=\"article:modified_time\" content=\"2025-08-26T11:00:32+00:00\" \/>\n<meta property=\"og:image\" content=\"https:\/\/us.biaxol.com\/app\/uploads\/2024\/08\/1_LIGANDROL.png\" \/>\n\t<meta property=\"og:image:width\" content=\"1500\" \/>\n\t<meta property=\"og:image:height\" content=\"1500\" \/>\n\t<meta property=\"og:image:type\" content=\"image\/png\" \/>\n<meta name=\"twitter:card\" content=\"summary_large_image\" \/>\n<meta name=\"twitter:label1\" content=\"Est. reading time\" \/>\n\t<meta name=\"twitter:data1\" content=\"1 minute\" \/>\n<script type=\"application\/ld+json\" class=\"yoast-schema-graph\">{\"@context\":\"https:\/\/schema.org\",\"@graph\":[{\"@type\":\"WebPage\",\"@id\":\"https:\/\/us.biaxol.com\/es\/product\/ligandrol-lgd4033-2\/\",\"url\":\"https:\/\/us.biaxol.com\/es\/product\/ligandrol-lgd4033-2\/\",\"name\":\"Ligandrol comprar LGD4033 - 60 c\u00e1psulas \/ 10 mg - Biaxol\",\"isPartOf\":{\"@id\":\"https:\/\/us.biaxol.com\/es\/#website\"},\"primaryImageOfPage\":{\"@id\":\"https:\/\/us.biaxol.com\/es\/product\/ligandrol-lgd4033-2\/#primaryimage\"},\"image\":{\"@id\":\"https:\/\/us.biaxol.com\/es\/product\/ligandrol-lgd4033-2\/#primaryimage\"},\"thumbnailUrl\":\"https:\/\/us.biaxol.com\/app\/uploads\/2024\/08\/1_LIGANDROL.png\",\"datePublished\":\"2024-08-29T12:30:30+00:00\",\"dateModified\":\"2025-08-26T11:00:32+00:00\",\"description\":\"El Biaxol Ligandrol incrementa la masa muscular y puedes comprar Ligandrol Espa\u00f1a para reducir la grasa corporal. Ligandrol SARMS ofrece y un f\u00edsico m\u00e1s definido. Obten 60 c\u00e1psulas de 10 mg de Ligandrol LGD-4033 online.\",\"breadcrumb\":{\"@id\":\"https:\/\/us.biaxol.com\/es\/product\/ligandrol-lgd4033-2\/#breadcrumb\"},\"inLanguage\":\"es-ES\",\"potentialAction\":[{\"@type\":\"ReadAction\",\"target\":[\"https:\/\/us.biaxol.com\/es\/product\/ligandrol-lgd4033-2\/\"]}]},{\"@type\":\"ImageObject\",\"inLanguage\":\"es-ES\",\"@id\":\"https:\/\/us.biaxol.com\/es\/product\/ligandrol-lgd4033-2\/#primaryimage\",\"url\":\"https:\/\/us.biaxol.com\/app\/uploads\/2024\/08\/1_LIGANDROL.png\",\"contentUrl\":\"https:\/\/us.biaxol.com\/app\/uploads\/2024\/08\/1_LIGANDROL.png\",\"width\":1500,\"height\":1500},{\"@type\":\"BreadcrumbList\",\"@id\":\"https:\/\/us.biaxol.com\/es\/product\/ligandrol-lgd4033-2\/#breadcrumb\",\"itemListElement\":[{\"@type\":\"ListItem\",\"position\":1,\"name\":\"Home\",\"item\":\"https:\/\/us.biaxol.com\/es\/inicio\/\"},{\"@type\":\"ListItem\",\"position\":2,\"name\":\"Tienda\",\"item\":\"https:\/\/us.biaxol.com\/es\/tienda\/\"},{\"@type\":\"ListItem\",\"position\":3,\"name\":\"Ligandrol LGD4033\"}]},{\"@type\":\"WebSite\",\"@id\":\"https:\/\/us.biaxol.com\/es\/#website\",\"url\":\"https:\/\/us.biaxol.com\/es\/\",\"name\":\"US Biaxol\",\"description\":\"\",\"potentialAction\":[{\"@type\":\"SearchAction\",\"target\":{\"@type\":\"EntryPoint\",\"urlTemplate\":\"https:\/\/us.biaxol.com\/es\/?s={search_term_string}\"},\"query-input\":{\"@type\":\"PropertyValueSpecification\",\"valueRequired\":true,\"valueName\":\"search_term_string\"}}],\"inLanguage\":\"es-ES\"}]}<\/script>\n<!-- \/ Yoast SEO plugin. -->","yoast_head_json":{"title":"Ligandrol comprar LGD4033 - 60 c\u00e1psulas \/ 10 mg - Biaxol","description":"El Biaxol Ligandrol incrementa la masa muscular y puedes comprar Ligandrol Espa\u00f1a para reducir la grasa corporal. Ligandrol SARMS ofrece y un f\u00edsico m\u00e1s definido. Obten 60 c\u00e1psulas de 10 mg de Ligandrol LGD-4033 online.","robots":{"index":"index","follow":"follow","max-snippet":"max-snippet:-1","max-image-preview":"max-image-preview:large","max-video-preview":"max-video-preview:-1"},"canonical":"https:\/\/us.biaxol.com\/es\/product\/ligandrol-lgd4033-2\/","og_locale":"es_ES","og_type":"article","og_title":"Ligandrol comprar LGD4033 - 60 c\u00e1psulas \/ 10 mg - Biaxol","og_description":"El Biaxol Ligandrol incrementa la masa muscular y puedes comprar Ligandrol Espa\u00f1a para reducir la grasa corporal. Ligandrol SARMS ofrece y un f\u00edsico m\u00e1s definido. Obten 60 c\u00e1psulas de 10 mg de Ligandrol LGD-4033 online.","og_url":"https:\/\/us.biaxol.com\/es\/product\/ligandrol-lgd4033-2\/","og_site_name":"US Biaxol","article_modified_time":"2025-08-26T11:00:32+00:00","og_image":[{"width":1500,"height":1500,"url":"https:\/\/us.biaxol.com\/app\/uploads\/2024\/08\/1_LIGANDROL.png","type":"image\/png"}],"twitter_card":"summary_large_image","twitter_misc":{"Est. reading time":"1 minute"},"schema":{"@context":"https:\/\/schema.org","@graph":[{"@type":"WebPage","@id":"https:\/\/us.biaxol.com\/es\/product\/ligandrol-lgd4033-2\/","url":"https:\/\/us.biaxol.com\/es\/product\/ligandrol-lgd4033-2\/","name":"Ligandrol comprar LGD4033 - 60 c\u00e1psulas \/ 10 mg - Biaxol","isPartOf":{"@id":"https:\/\/us.biaxol.com\/es\/#website"},"primaryImageOfPage":{"@id":"https:\/\/us.biaxol.com\/es\/product\/ligandrol-lgd4033-2\/#primaryimage"},"image":{"@id":"https:\/\/us.biaxol.com\/es\/product\/ligandrol-lgd4033-2\/#primaryimage"},"thumbnailUrl":"https:\/\/us.biaxol.com\/app\/uploads\/2024\/08\/1_LIGANDROL.png","datePublished":"2024-08-29T12:30:30+00:00","dateModified":"2025-08-26T11:00:32+00:00","description":"El Biaxol Ligandrol incrementa la masa muscular y puedes comprar Ligandrol Espa\u00f1a para reducir la grasa corporal. Ligandrol SARMS ofrece y un f\u00edsico m\u00e1s definido. Obten 60 c\u00e1psulas de 10 mg de Ligandrol LGD-4033 online.","breadcrumb":{"@id":"https:\/\/us.biaxol.com\/es\/product\/ligandrol-lgd4033-2\/#breadcrumb"},"inLanguage":"es-ES","potentialAction":[{"@type":"ReadAction","target":["https:\/\/us.biaxol.com\/es\/product\/ligandrol-lgd4033-2\/"]}]},{"@type":"ImageObject","inLanguage":"es-ES","@id":"https:\/\/us.biaxol.com\/es\/product\/ligandrol-lgd4033-2\/#primaryimage","url":"https:\/\/us.biaxol.com\/app\/uploads\/2024\/08\/1_LIGANDROL.png","contentUrl":"https:\/\/us.biaxol.com\/app\/uploads\/2024\/08\/1_LIGANDROL.png","width":1500,"height":1500},{"@type":"BreadcrumbList","@id":"https:\/\/us.biaxol.com\/es\/product\/ligandrol-lgd4033-2\/#breadcrumb","itemListElement":[{"@type":"ListItem","position":1,"name":"Home","item":"https:\/\/us.biaxol.com\/es\/inicio\/"},{"@type":"ListItem","position":2,"name":"Tienda","item":"https:\/\/us.biaxol.com\/es\/tienda\/"},{"@type":"ListItem","position":3,"name":"Ligandrol LGD4033"}]},{"@type":"WebSite","@id":"https:\/\/us.biaxol.com\/es\/#website","url":"https:\/\/us.biaxol.com\/es\/","name":"US Biaxol","description":"","potentialAction":[{"@type":"SearchAction","target":{"@type":"EntryPoint","urlTemplate":"https:\/\/us.biaxol.com\/es\/?s={search_term_string}"},"query-input":{"@type":"PropertyValueSpecification","valueRequired":true,"valueName":"search_term_string"}}],"inLanguage":"es-ES"}]}},"_links":{"self":[{"href":"https:\/\/us.biaxol.com\/es\/wp-json\/wp\/v2\/product\/629","targetHints":{"allow":["GET"]}}],"collection":[{"href":"https:\/\/us.biaxol.com\/es\/wp-json\/wp\/v2\/product"}],"about":[{"href":"https:\/\/us.biaxol.com\/es\/wp-json\/wp\/v2\/types\/product"}],"replies":[{"embeddable":true,"href":"https:\/\/us.biaxol.com\/es\/wp-json\/wp\/v2\/comments?post=629"}],"version-history":[{"count":4,"href":"https:\/\/us.biaxol.com\/es\/wp-json\/wp\/v2\/product\/629\/revisions"}],"predecessor-version":[{"id":1859,"href":"https:\/\/us.biaxol.com\/es\/wp-json\/wp\/v2\/product\/629\/revisions\/1859"}],"wp:featuredmedia":[{"embeddable":true,"href":"https:\/\/us.biaxol.com\/es\/wp-json\/wp\/v2\/media\/376"}],"wp:attachment":[{"href":"https:\/\/us.biaxol.com\/es\/wp-json\/wp\/v2\/media?parent=629"}],"wp:term":[{"taxonomy":"product_brand","embeddable":true,"href":"https:\/\/us.biaxol.com\/es\/wp-json\/wp\/v2\/product_brand?post=629"},{"taxonomy":"product_cat","embeddable":true,"href":"https:\/\/us.biaxol.com\/es\/wp-json\/wp\/v2\/product_cat?post=629"},{"taxonomy":"product_tag","embeddable":true,"href":"https:\/\/us.biaxol.com\/es\/wp-json\/wp\/v2\/product_tag?post=629"}],"curies":[{"name":"wp","href":"https:\/\/api.w.org\/{rel}","templated":true}]}}