{"id":627,"date":"2024-08-29T12:30:30","date_gmt":"2024-08-29T12:30:30","guid":{"rendered":"https:\/\/us.biaxol.com\/product\/ibutamoren-mk677\/"},"modified":"2025-08-26T11:00:26","modified_gmt":"2025-08-26T11:00:26","slug":"ibutamoren-mk677-2","status":"publish","type":"product","link":"https:\/\/us.biaxol.com\/es\/product\/ibutamoren-mk677-2\/","title":{"rendered":"Ibutamoren MK677"},"content":{"rendered":"","protected":false},"excerpt":{"rendered":"<p><span style=\"font-weight: 400;\">El ibutamoreno (MK-677) es un secretagogo de la hormona del crecimiento no pept\u00eddico, activo por v\u00eda oral, que funciona como un potente agonista del receptor de la grelina (GHS-R1a). Se ha estudiado ampliamente por su capacidad para aumentar los niveles circulantes de la hormona del crecimiento (GH) y del factor de crecimiento 1 similar a la insulina (IGF-1), junto con sus efectos sobre la arquitectura del sue\u00f1o, la masa corporal magra y las v\u00edas metab\u00f3licas en entornos de investigaci\u00f3n no cl\u00ednicos y de investigaci\u00f3n.<\/span><\/p>\n<h2><strong><a href=\"https:\/\/janoshik.com\/tests\/48289-MK677_10mgml_PQK3AARG1V1X\" target=\"_blank\" rel=\"noopener\">PRUEBA DE CALIDAD<\/a><\/strong><\/h2>\n<h2><b>\u00c1reas de investigaci\u00f3n<\/b><\/h2>\n<ul>\n<li style=\"font-weight: 400;\" aria-level=\"1\"><b>Estimulaci\u00f3n de la secreci\u00f3n de GH e IGF-1<\/b><b><br \/>\n<\/b><span style=\"font-weight: 400;\">Se ha demostrado que el MK-677 aumenta significativamente los niveles de GH e IGF-1 <\/span><a href=\"https:\/\/pmc.ncbi.nlm.nih.gov\/articles\/PMC2757071\/\"><b>en estudios controlados<\/b><\/a><span style=\"font-weight: 400;\">. Un ensayo aleatorizado de 12 meses demostr\u00f3 una mejora de la secreci\u00f3n de GH y un aumento de la masa corporal magra.<\/span><\/li>\n<li style=\"font-weight: 400;\" aria-level=\"1\"><b>Modulaci\u00f3n de la arquitectura del sue\u00f1o<\/b><b><br \/>\n<\/b><span style=\"font-weight: 400;\">En <\/span><a href=\"https:\/\/en.wikipedia.org\/wiki\/Ibutamoren\"><b>entornos controlados<\/b><\/a><span style=\"font-weight: 400;\">, se ha observado que el MK-677 aumenta la duraci\u00f3n del sue\u00f1o REM y la fase profunda (ondas lentas) del sue\u00f1o, lo que contribuye a mejorar la calidad general del sue\u00f1o.<\/span><\/li>\n<li style=\"font-weight: 400;\" aria-level=\"1\"><b>Resultados de la composici\u00f3n corporal<\/b><b><br \/>\n<\/b><span style=\"font-weight: 400;\">Los ensayos de investigaci\u00f3n han informado de un aumento de la masa libre de grasa tras la administraci\u00f3n de MK-677 sin aumentos significativos de la grasa visceral o subcut\u00e1nea.<\/span><\/li>\n<li style=\"font-weight: 400;\" aria-level=\"1\"><b>Apoyo al metabolismo \u00f3seo<\/b><b><br \/>\n<\/b><span style=\"font-weight: 400;\">El MK-677 se ha asociado con marcadores elevados de formaci\u00f3n y resorci\u00f3n \u00f3sea, lo que sugiere un efecto potencial sobre el recambio \u00f3seo y la densidad mineral.<\/span><\/li>\n<\/ul>\n<h2><b>Posibles observaciones en la investigaci\u00f3n<\/b><\/h2>\n<ul>\n<li style=\"font-weight: 400;\" aria-level=\"1\"><b>Modulaci\u00f3n del apetito<\/b><b><br \/>\n<\/b><span style=\"font-weight: 400;\">El MK-677 puede aumentar el apetito mediante la estimulaci\u00f3n del receptor de grelina. Esto se ha notificado en m\u00faltiples entornos de investigaci\u00f3n. <\/span><\/li>\n<li style=\"font-weight: 400;\" aria-level=\"1\"><b>Retenci\u00f3n de agua<\/b><b><br \/>\n<\/b><span style=\"font-weight: 400;\">En algunos estudios se ha documentado una leve retenci\u00f3n de agua como efecto transitorio durante los periodos de exposici\u00f3n.<\/span><\/li>\n<li style=\"font-weight: 400;\" aria-level=\"1\"><b>Consideraciones metab\u00f3licas<\/b><b><br \/>\n<\/b><span style=\"font-weight: 400;\">Algunos estudios sugieren que el MK-677 puede influir en la sensibilidad a la insulina, lo que justifica la precauci\u00f3n y la investigaci\u00f3n continua en la investigaci\u00f3n relacionada con el metabolismo.<\/span><\/li>\n<\/ul>\n<h2><b>Informaci\u00f3n sobre manipulaci\u00f3n y dosificaci\u00f3n<\/b><\/h2>\n<p><span style=\"font-weight: 400;\">Las concentraciones t\u00edpicas de investigaci\u00f3n oscilan entre <\/span><b>10-30 mg\/mL<\/b><span style=\"font-weight: 400;\">. El volumen y el m\u00e9todo de administraci\u00f3n deben estar determinados por el protocolo espec\u00edfico del estudio. Aunque la administraci\u00f3n sublingual se ha utilizado en algunos entornos experimentales para evaluar las caracter\u00edsticas de absorci\u00f3n, no es necesaria para todas las metodolog\u00edas de investigaci\u00f3n. <\/span><\/p>\n<p><b>Aviso importante:<\/b><b><br \/>\n<\/b><span style=\"font-weight: 400;\">Este producto est\u00e1 destinado exclusivamente a la investigaci\u00f3n en laboratorio. No est\u00e1 destinado al consumo humano, ni a uso m\u00e9dico, veterinario o dom\u00e9stico. Mantener fuera del alcance de los ni\u00f1os. <\/span><\/p>\n<p><b>Descargo de responsabilidad de la FDA: <\/b><span style=\"font-weight: 400;\">Las afirmaciones contenidas en este sitio web no han sido evaluadas por la Administraci\u00f3n de Alimentos y Medicamentos de EEUU. Las afirmaciones y los productos de esta empresa no pretenden diagnosticar, tratar, curar ni prevenir ninguna enfermedad. Todos los productos son para USO EXCLUSIVO en investigaci\u00f3n de desarrollo en laboratorio. Los productos no son para consumo humano. <\/span><\/p>\n","protected":false},"featured_media":361,"comment_status":"open","ping_status":"closed","template":"","meta":[],"product_brand":[],"product_cat":[17],"product_tag":[],"class_list":{"0":"post-627","1":"product","2":"type-product","3":"status-publish","4":"has-post-thumbnail","6":"product_cat-sarms","8":"first","9":"instock","10":"shipping-taxable","11":"purchasable","12":"product-type-simple"},"yoast_head":"<!-- This site is optimized with the Yoast SEO plugin v23.9 - https:\/\/yoast.com\/wordpress\/plugins\/seo\/ -->\n<title>Ibutamoren MK-677 Comprar - 60 Capsulas \/ 10 mg - Biaxol<\/title>\n<meta name=\"description\" content=\"Potencia el crecimiento muscular con el Biaxol MK677. Compra Ibutamoren MK677, un estimulante de la hormona de crecimiento. El SARMS MK 677 ofrece una rapida recuperaci\u00f3n.\" \/>\n<meta name=\"robots\" content=\"index, follow, max-snippet:-1, max-image-preview:large, max-video-preview:-1\" \/>\n<link rel=\"canonical\" href=\"https:\/\/us.biaxol.com\/es\/product\/ibutamoren-mk677-2\/\" \/>\n<meta property=\"og:locale\" content=\"es_ES\" \/>\n<meta property=\"og:type\" content=\"article\" \/>\n<meta property=\"og:title\" content=\"Ibutamoren MK-677 Comprar - 60 Capsulas \/ 10 mg - Biaxol\" \/>\n<meta property=\"og:description\" content=\"Potencia el crecimiento muscular con el Biaxol MK677. Compra Ibutamoren MK677, un estimulante de la hormona de crecimiento. El SARMS MK 677 ofrece una rapida recuperaci\u00f3n.\" \/>\n<meta property=\"og:url\" content=\"https:\/\/us.biaxol.com\/es\/product\/ibutamoren-mk677-2\/\" \/>\n<meta property=\"og:site_name\" content=\"US Biaxol\" \/>\n<meta property=\"article:modified_time\" content=\"2025-08-26T11:00:26+00:00\" \/>\n<meta property=\"og:image\" content=\"https:\/\/us.biaxol.com\/app\/uploads\/2024\/08\/1_IBUTAMOREN.png\" \/>\n\t<meta property=\"og:image:width\" content=\"1500\" \/>\n\t<meta property=\"og:image:height\" content=\"1500\" \/>\n\t<meta property=\"og:image:type\" content=\"image\/png\" \/>\n<meta name=\"twitter:card\" content=\"summary_large_image\" \/>\n<meta name=\"twitter:label1\" content=\"Est. reading time\" \/>\n\t<meta name=\"twitter:data1\" content=\"1 minute\" \/>\n<script type=\"application\/ld+json\" class=\"yoast-schema-graph\">{\"@context\":\"https:\/\/schema.org\",\"@graph\":[{\"@type\":\"WebPage\",\"@id\":\"https:\/\/us.biaxol.com\/es\/product\/ibutamoren-mk677-2\/\",\"url\":\"https:\/\/us.biaxol.com\/es\/product\/ibutamoren-mk677-2\/\",\"name\":\"Ibutamoren MK-677 Comprar - 60 Capsulas \/ 10 mg - Biaxol\",\"isPartOf\":{\"@id\":\"https:\/\/us.biaxol.com\/es\/#website\"},\"primaryImageOfPage\":{\"@id\":\"https:\/\/us.biaxol.com\/es\/product\/ibutamoren-mk677-2\/#primaryimage\"},\"image\":{\"@id\":\"https:\/\/us.biaxol.com\/es\/product\/ibutamoren-mk677-2\/#primaryimage\"},\"thumbnailUrl\":\"https:\/\/us.biaxol.com\/app\/uploads\/2024\/08\/1_IBUTAMOREN.png\",\"datePublished\":\"2024-08-29T12:30:30+00:00\",\"dateModified\":\"2025-08-26T11:00:26+00:00\",\"description\":\"Potencia el crecimiento muscular con el Biaxol MK677. Compra Ibutamoren MK677, un estimulante de la hormona de crecimiento. El SARMS MK 677 ofrece una rapida recuperaci\u00f3n.\",\"breadcrumb\":{\"@id\":\"https:\/\/us.biaxol.com\/es\/product\/ibutamoren-mk677-2\/#breadcrumb\"},\"inLanguage\":\"es-ES\",\"potentialAction\":[{\"@type\":\"ReadAction\",\"target\":[\"https:\/\/us.biaxol.com\/es\/product\/ibutamoren-mk677-2\/\"]}]},{\"@type\":\"ImageObject\",\"inLanguage\":\"es-ES\",\"@id\":\"https:\/\/us.biaxol.com\/es\/product\/ibutamoren-mk677-2\/#primaryimage\",\"url\":\"https:\/\/us.biaxol.com\/app\/uploads\/2024\/08\/1_IBUTAMOREN.png\",\"contentUrl\":\"https:\/\/us.biaxol.com\/app\/uploads\/2024\/08\/1_IBUTAMOREN.png\",\"width\":1500,\"height\":1500},{\"@type\":\"BreadcrumbList\",\"@id\":\"https:\/\/us.biaxol.com\/es\/product\/ibutamoren-mk677-2\/#breadcrumb\",\"itemListElement\":[{\"@type\":\"ListItem\",\"position\":1,\"name\":\"Home\",\"item\":\"https:\/\/us.biaxol.com\/es\/inicio\/\"},{\"@type\":\"ListItem\",\"position\":2,\"name\":\"Tienda\",\"item\":\"https:\/\/us.biaxol.com\/es\/tienda\/\"},{\"@type\":\"ListItem\",\"position\":3,\"name\":\"Ibutamoren MK677\"}]},{\"@type\":\"WebSite\",\"@id\":\"https:\/\/us.biaxol.com\/es\/#website\",\"url\":\"https:\/\/us.biaxol.com\/es\/\",\"name\":\"US Biaxol\",\"description\":\"\",\"potentialAction\":[{\"@type\":\"SearchAction\",\"target\":{\"@type\":\"EntryPoint\",\"urlTemplate\":\"https:\/\/us.biaxol.com\/es\/?s={search_term_string}\"},\"query-input\":{\"@type\":\"PropertyValueSpecification\",\"valueRequired\":true,\"valueName\":\"search_term_string\"}}],\"inLanguage\":\"es-ES\"}]}<\/script>\n<!-- \/ Yoast SEO plugin. -->","yoast_head_json":{"title":"Ibutamoren MK-677 Comprar - 60 Capsulas \/ 10 mg - Biaxol","description":"Potencia el crecimiento muscular con el Biaxol MK677. Compra Ibutamoren MK677, un estimulante de la hormona de crecimiento. El SARMS MK 677 ofrece una rapida recuperaci\u00f3n.","robots":{"index":"index","follow":"follow","max-snippet":"max-snippet:-1","max-image-preview":"max-image-preview:large","max-video-preview":"max-video-preview:-1"},"canonical":"https:\/\/us.biaxol.com\/es\/product\/ibutamoren-mk677-2\/","og_locale":"es_ES","og_type":"article","og_title":"Ibutamoren MK-677 Comprar - 60 Capsulas \/ 10 mg - Biaxol","og_description":"Potencia el crecimiento muscular con el Biaxol MK677. Compra Ibutamoren MK677, un estimulante de la hormona de crecimiento. El SARMS MK 677 ofrece una rapida recuperaci\u00f3n.","og_url":"https:\/\/us.biaxol.com\/es\/product\/ibutamoren-mk677-2\/","og_site_name":"US Biaxol","article_modified_time":"2025-08-26T11:00:26+00:00","og_image":[{"width":1500,"height":1500,"url":"https:\/\/us.biaxol.com\/app\/uploads\/2024\/08\/1_IBUTAMOREN.png","type":"image\/png"}],"twitter_card":"summary_large_image","twitter_misc":{"Est. reading time":"1 minute"},"schema":{"@context":"https:\/\/schema.org","@graph":[{"@type":"WebPage","@id":"https:\/\/us.biaxol.com\/es\/product\/ibutamoren-mk677-2\/","url":"https:\/\/us.biaxol.com\/es\/product\/ibutamoren-mk677-2\/","name":"Ibutamoren MK-677 Comprar - 60 Capsulas \/ 10 mg - Biaxol","isPartOf":{"@id":"https:\/\/us.biaxol.com\/es\/#website"},"primaryImageOfPage":{"@id":"https:\/\/us.biaxol.com\/es\/product\/ibutamoren-mk677-2\/#primaryimage"},"image":{"@id":"https:\/\/us.biaxol.com\/es\/product\/ibutamoren-mk677-2\/#primaryimage"},"thumbnailUrl":"https:\/\/us.biaxol.com\/app\/uploads\/2024\/08\/1_IBUTAMOREN.png","datePublished":"2024-08-29T12:30:30+00:00","dateModified":"2025-08-26T11:00:26+00:00","description":"Potencia el crecimiento muscular con el Biaxol MK677. Compra Ibutamoren MK677, un estimulante de la hormona de crecimiento. El SARMS MK 677 ofrece una rapida recuperaci\u00f3n.","breadcrumb":{"@id":"https:\/\/us.biaxol.com\/es\/product\/ibutamoren-mk677-2\/#breadcrumb"},"inLanguage":"es-ES","potentialAction":[{"@type":"ReadAction","target":["https:\/\/us.biaxol.com\/es\/product\/ibutamoren-mk677-2\/"]}]},{"@type":"ImageObject","inLanguage":"es-ES","@id":"https:\/\/us.biaxol.com\/es\/product\/ibutamoren-mk677-2\/#primaryimage","url":"https:\/\/us.biaxol.com\/app\/uploads\/2024\/08\/1_IBUTAMOREN.png","contentUrl":"https:\/\/us.biaxol.com\/app\/uploads\/2024\/08\/1_IBUTAMOREN.png","width":1500,"height":1500},{"@type":"BreadcrumbList","@id":"https:\/\/us.biaxol.com\/es\/product\/ibutamoren-mk677-2\/#breadcrumb","itemListElement":[{"@type":"ListItem","position":1,"name":"Home","item":"https:\/\/us.biaxol.com\/es\/inicio\/"},{"@type":"ListItem","position":2,"name":"Tienda","item":"https:\/\/us.biaxol.com\/es\/tienda\/"},{"@type":"ListItem","position":3,"name":"Ibutamoren MK677"}]},{"@type":"WebSite","@id":"https:\/\/us.biaxol.com\/es\/#website","url":"https:\/\/us.biaxol.com\/es\/","name":"US Biaxol","description":"","potentialAction":[{"@type":"SearchAction","target":{"@type":"EntryPoint","urlTemplate":"https:\/\/us.biaxol.com\/es\/?s={search_term_string}"},"query-input":{"@type":"PropertyValueSpecification","valueRequired":true,"valueName":"search_term_string"}}],"inLanguage":"es-ES"}]}},"_links":{"self":[{"href":"https:\/\/us.biaxol.com\/es\/wp-json\/wp\/v2\/product\/627","targetHints":{"allow":["GET"]}}],"collection":[{"href":"https:\/\/us.biaxol.com\/es\/wp-json\/wp\/v2\/product"}],"about":[{"href":"https:\/\/us.biaxol.com\/es\/wp-json\/wp\/v2\/types\/product"}],"replies":[{"embeddable":true,"href":"https:\/\/us.biaxol.com\/es\/wp-json\/wp\/v2\/comments?post=627"}],"version-history":[{"count":4,"href":"https:\/\/us.biaxol.com\/es\/wp-json\/wp\/v2\/product\/627\/revisions"}],"predecessor-version":[{"id":1854,"href":"https:\/\/us.biaxol.com\/es\/wp-json\/wp\/v2\/product\/627\/revisions\/1854"}],"wp:featuredmedia":[{"embeddable":true,"href":"https:\/\/us.biaxol.com\/es\/wp-json\/wp\/v2\/media\/361"}],"wp:attachment":[{"href":"https:\/\/us.biaxol.com\/es\/wp-json\/wp\/v2\/media?parent=627"}],"wp:term":[{"taxonomy":"product_brand","embeddable":true,"href":"https:\/\/us.biaxol.com\/es\/wp-json\/wp\/v2\/product_brand?post=627"},{"taxonomy":"product_cat","embeddable":true,"href":"https:\/\/us.biaxol.com\/es\/wp-json\/wp\/v2\/product_cat?post=627"},{"taxonomy":"product_tag","embeddable":true,"href":"https:\/\/us.biaxol.com\/es\/wp-json\/wp\/v2\/product_tag?post=627"}],"curies":[{"name":"wp","href":"https:\/\/api.w.org\/{rel}","templated":true}]}}