{"id":1836,"date":"2025-07-23T07:52:22","date_gmt":"2025-07-23T07:52:22","guid":{"rendered":"https:\/\/us.biaxol.com\/product\/bulking-stack-2\/"},"modified":"2025-08-26T11:01:05","modified_gmt":"2025-08-26T11:01:05","slug":"bulking-stack-2","status":"publish","type":"product","link":"https:\/\/us.biaxol.com\/es\/product\/bulking-stack-2\/","title":{"rendered":"Bulking Stack"},"content":{"rendered":"","protected":false},"excerpt":{"rendered":"<p><b>Libera todo el potencial de tu cuerpo en cuanto a tama\u00f1o y fuerza.<\/b><\/p>\n<p><span style=\"font-weight: 400;\">Bulking Stack combina cuatro potentes compuestos dise\u00f1ados para maximizar la masa muscular, favorecer una recuperaci\u00f3n m\u00e1s r\u00e1pida, estimular el apetito y aumentar la fuerza. Tanto si tu objetivo es superar un estancamiento en tu crecimiento como si quieres iniciar un ciclo de aumento de masa muscular serio, este stack te proporciona todo lo que tu cuerpo necesita para crecer m\u00e1s, m\u00e1s r\u00e1pido y de forma m\u00e1s eficiente.<\/span><\/p>\n<h2><b>\u00c1reas de investigaci\u00f3n<\/b><\/h2>\n<p><b>Activaci\u00f3n del crecimiento muscular anab\u00f3lico<\/b><\/p>\n<p><span style=\"font-weight: 400;\">El <a href=\"https:\/\/us.biaxol.com\/es\/product\/miostina-yk11\/\">YK-11<\/a> suprime la miostatina, un limitador natural del crecimiento muscular, mientras que el <a href=\"https:\/\/us.biaxol.com\/es\/product\/testolona-rad-140\/\">RAD-140<\/a> y el <a href=\"https:\/\/us.biaxol.com\/es\/product\/ligandrol-lgd4033\/\">LGD-4033<\/a> se unen directamente a los receptores de andr\u00f3genos, lo que aumenta la s\u00edntesis de prote\u00ednas, el crecimiento de las fibras musculares y la fuerza.<\/span><\/p>\n<p><b>Estimulaci\u00f3n de la hormona del crecimiento<\/b><\/p>\n<p><span style=\"font-weight: 400;\">El <a href=\"https:\/\/us.biaxol.com\/es\/product\/ibutamoren-mk677\/\">MK-677<\/a> mejora la secreci\u00f3n de la hormona del crecimiento y el IGF-1, lo que favorece una r\u00e1pida hipertrofia muscular, una recuperaci\u00f3n m\u00e1s profunda y un mejor sue\u00f1o. Tambi\u00e9n aumenta el apetito, algo fundamental para alcanzar los objetivos cal\u00f3ricos diarios durante un ciclo de volumen.<\/span><\/p>\n<p><b>Eficiencia en la distribuci\u00f3n de nutrientes<\/b><\/p>\n<p><span style=\"font-weight: 400;\">RAD-140, LGD y MK-677 mejoran el transporte de nutrientes, lo que significa que se dirigen m\u00e1s carbohidratos y prote\u00ednas al tejido muscular, en lugar de almacenarse en forma de grasa, lo que favorece el desarrollo de masa magra sin un aumento excesivo de grasa.<\/span><\/p>\n<p><b>Mejora del rendimiento y la recuperaci\u00f3n<\/b><\/p>\n<p><span style=\"font-weight: 400;\">La acci\u00f3n sin\u00e9rgica de estos compuestos favorece sesiones de entrenamiento m\u00e1s largas, reduce el tiempo de descanso entre entrenamientos y acelera la recuperaci\u00f3n despu\u00e9s del entrenamiento.<\/span><\/p>\n<h2><b>Observaciones potenciales en la investigaci\u00f3n<\/b><\/h2>\n<ul>\n<li style=\"font-weight: 400;\" aria-level=\"1\"><b>Cambios en la composici\u00f3n corporal: <\/b><span style=\"font-weight: 400;\">Los investigadores han observado aumentos significativos en el tejido muscular magro junto con una p\u00e9rdida de grasa menor o niveles de grasa estables, lo que es ideal para las fases de aumento de masa muscular limpia.<\/span><\/li>\n<li style=\"font-weight: 400;\" aria-level=\"1\"><b>Aumento del apetito y la energ\u00eda:<\/b><span style=\"font-weight: 400;\"> El MK-677 puede aumentar el apetito, lo que facilita mantener un excedente cal\u00f3rico. Los usuarios tambi\u00e9n informan de un sue\u00f1o m\u00e1s profundo y un aumento del estado de alerta por la ma\u00f1ana debido a la mejora de los ritmos de la hormona del crecimiento.<\/span><\/li>\n<li style=\"font-weight: 400;\" aria-level=\"1\"><b>Cambios en el perfil lip\u00eddico:<\/b><span style=\"font-weight: 400;\"> Algunos modelos de prueba muestran cambios menores en los niveles de colesterol, como ligeras disminuciones del HDL o aumentos del LDL, aunque esto var\u00eda y suele depender de la dosis.<\/span><\/li>\n<\/ul>\n<h2><b>Informaci\u00f3n sobre la manipulaci\u00f3n y la dosis<\/b><\/h2>\n<ul>\n<li style=\"font-weight: 400;\" aria-level=\"1\"><b>YK-11:<\/b><span style=\"font-weight: 400;\"> Tomar 10-20 mg al d\u00eda. Si se utilizan 20 mg, dividir la dosis: la mitad con el desayuno y la otra mitad con la cena.<\/span><\/li>\n<li style=\"font-weight: 400;\" aria-level=\"1\"><b>LGD-4033:<\/b><span style=\"font-weight: 400;\"> Tomar 10-20 mg una vez al d\u00eda, despu\u00e9s de una comida.<\/span><\/li>\n<li style=\"font-weight: 400;\" aria-level=\"1\"><b>RAD-140:<\/b><span style=\"font-weight: 400;\"> Tomar 20 mg una vez al d\u00eda, preferiblemente despu\u00e9s de una comida copiosa.<\/span><\/li>\n<li style=\"font-weight: 400;\" aria-level=\"1\"><b>MK-677:<\/b><span style=\"font-weight: 400;\"> Tomar 10 mg por la ma\u00f1ana antes del desayuno y 10 mg antes de acostarse.<\/span><\/li>\n<\/ul>\n<p><span style=\"font-weight: 400;\">Este ciclo puede durar entre <\/span><b>6 y 8 semanas<\/b><span style=\"font-weight: 400;\">, seguido de una <\/span><b>terapia post ciclo (PCT)<\/b><span style=\"font-weight: 400;\"> si es necesario, dependiendo de la sensibilidad y la duraci\u00f3n de cada persona.<\/span><\/p>\n<h2><b>Preguntas frecuentes<\/b><\/h2>\n<p><b>\u00bfQu\u00e9 hace realmente Bulking Stack en mi cuerpo?<\/b><\/p>\n<p><span style=\"font-weight: 400;\">Bulking Stack ayuda a potenciar el crecimiento muscular, la fuerza, el apetito y la recuperaci\u00f3n. Cada compuesto act\u00faa en sinergia para favorecer el aumento de masa magra, un sue\u00f1o m\u00e1s profundo y una recuperaci\u00f3n m\u00e1s r\u00e1pida, lo que lo hace ideal para ganar volumen sin a\u00f1adir mucha grasa. Es una combinaci\u00f3n potente para un aumento de masa muscular limpio y eficaz.<\/span><\/p>\n<p><b>\u00bfCu\u00e1ndo empezar\u00e9 a ver los resultados del stack?<\/b><\/p>\n<p><span style=\"font-weight: 400;\">La mayor\u00eda de los usuarios comienzan a notar un aumento del apetito, un mejor sue\u00f1o y un aumento de la fuerza en 1-2 semanas. El crecimiento muscular visible y los cambios de tama\u00f1o suelen aparecer entre las semanas 3 y 4 con un entrenamiento constante, una nutrici\u00f3n adecuada y un uso diario. Los resultados completos alcanzan su m\u00e1ximo nivel alrededor de las semanas 6-8 del ciclo.<\/span><\/p>\n<p><b>\u00bfTengo que seguir una dieta especial mientras uso este stack?<\/b><\/p>\n<p><span style=\"font-weight: 400;\">S\u00ed, es esencial un exceso de calor\u00edas con prote\u00ednas y carbohidratos de alta calidad. El MK-677 aumenta el apetito, lo que facilita la alimentaci\u00f3n. El stack tambi\u00e9n mejora la forma en que tu cuerpo utiliza los nutrientes, por lo que una alimentaci\u00f3n limpia favorece un mayor aumento de masa muscular y una menor acumulaci\u00f3n de grasa, maximizando tus resultados de forma eficaz.<\/span><\/p>\n<p><b>\u00bfEs necesaria una terapia post ciclo (PCT) despu\u00e9s de este stack?<\/b><\/p>\n<p><span style=\"font-weight: 400;\">Dependiendo de la duraci\u00f3n de tu ciclo y de tu respuesta personal, puede ser necesaria una PCT. Dado que YK11, LGD-4033 y RAD140 pueden suprimir ligeramente la testosterona, una PCT corta puede ayudar a reequilibrar las hormonas y mantener las ganancias. Es una medida inteligente si realizas el ciclo completo de 8 semanas.<\/span><\/p>\n<p><b>\u00bfPuedo tomar los cuatro compuestos al mismo tiempo?<\/b><\/p>\n<p><span style=\"font-weight: 400;\">S\u00ed, el ciclo est\u00e1 dise\u00f1ado para su uso combinado diario. Cada compuesto tiene su propio momento de administraci\u00f3n: toma MK-677 por la ma\u00f1ana y por la noche, RAD140 y LGD-4033 despu\u00e9s de las comidas, y divide las dosis de YK11. Juntos, act\u00faan de forma sin\u00e9rgica para amplificar el crecimiento muscular, la recuperaci\u00f3n y los efectos de aumento de la fuerza.<\/span><\/p>\n","protected":false},"featured_media":1805,"comment_status":"open","ping_status":"closed","template":"","meta":[],"product_brand":[],"product_cat":[17],"product_tag":[],"class_list":{"0":"post-1836","1":"product","2":"type-product","3":"status-publish","4":"has-post-thumbnail","6":"product_cat-sarms","8":"first","9":"instock","10":"sale","11":"shipping-taxable","12":"purchasable","13":"product-type-simple"},"yoast_head":"<!-- This site is optimized with the Yoast SEO plugin v23.9 - https:\/\/yoast.com\/wordpress\/plugins\/seo\/ -->\n<title>Bulking Stack<\/title>\n<meta name=\"description\" content=\"Compra este stack de volumen para desarrollar masa muscular magra, aumentar el apetito y acelerar la recuperaci\u00f3n con YK11, RAD-140, LGD-4033 y MK-677.\" \/>\n<meta name=\"robots\" content=\"index, follow, max-snippet:-1, max-image-preview:large, max-video-preview:-1\" \/>\n<link rel=\"canonical\" href=\"https:\/\/us.biaxol.com\/es\/product\/bulking-stack-2\/\" \/>\n<meta property=\"og:locale\" content=\"es_ES\" \/>\n<meta property=\"og:type\" content=\"article\" \/>\n<meta property=\"og:title\" content=\"Bulking Stack\" \/>\n<meta property=\"og:description\" content=\"Compra este stack de volumen para desarrollar masa muscular magra, aumentar el apetito y acelerar la recuperaci\u00f3n con YK11, RAD-140, LGD-4033 y MK-677.\" \/>\n<meta property=\"og:url\" content=\"https:\/\/us.biaxol.com\/es\/product\/bulking-stack-2\/\" \/>\n<meta property=\"og:site_name\" content=\"US Biaxol\" \/>\n<meta property=\"article:modified_time\" content=\"2025-08-26T11:01:05+00:00\" \/>\n<meta property=\"og:image\" content=\"https:\/\/us.biaxol.com\/app\/uploads\/2025\/07\/Stacks-Bulking_US_Liquid-sarms_1500px.webp\" \/>\n\t<meta property=\"og:image:width\" content=\"1500\" \/>\n\t<meta property=\"og:image:height\" content=\"1500\" \/>\n\t<meta property=\"og:image:type\" content=\"image\/webp\" \/>\n<meta name=\"twitter:card\" content=\"summary_large_image\" \/>\n<meta name=\"twitter:label1\" content=\"Est. reading time\" \/>\n\t<meta name=\"twitter:data1\" content=\"1 minute\" \/>\n<script type=\"application\/ld+json\" class=\"yoast-schema-graph\">{\"@context\":\"https:\/\/schema.org\",\"@graph\":[{\"@type\":\"WebPage\",\"@id\":\"https:\/\/us.biaxol.com\/es\/product\/bulking-stack-2\/\",\"url\":\"https:\/\/us.biaxol.com\/es\/product\/bulking-stack-2\/\",\"name\":\"Bulking Stack\",\"isPartOf\":{\"@id\":\"https:\/\/us.biaxol.com\/es\/#website\"},\"primaryImageOfPage\":{\"@id\":\"https:\/\/us.biaxol.com\/es\/product\/bulking-stack-2\/#primaryimage\"},\"image\":{\"@id\":\"https:\/\/us.biaxol.com\/es\/product\/bulking-stack-2\/#primaryimage\"},\"thumbnailUrl\":\"https:\/\/us.biaxol.com\/app\/uploads\/2025\/07\/Stacks-Bulking_US_Liquid-sarms_1500px.webp\",\"datePublished\":\"2025-07-23T07:52:22+00:00\",\"dateModified\":\"2025-08-26T11:01:05+00:00\",\"description\":\"Compra este stack de volumen para desarrollar masa muscular magra, aumentar el apetito y acelerar la recuperaci\u00f3n con YK11, RAD-140, LGD-4033 y MK-677.\",\"breadcrumb\":{\"@id\":\"https:\/\/us.biaxol.com\/es\/product\/bulking-stack-2\/#breadcrumb\"},\"inLanguage\":\"es-ES\",\"potentialAction\":[{\"@type\":\"ReadAction\",\"target\":[\"https:\/\/us.biaxol.com\/es\/product\/bulking-stack-2\/\"]}]},{\"@type\":\"ImageObject\",\"inLanguage\":\"es-ES\",\"@id\":\"https:\/\/us.biaxol.com\/es\/product\/bulking-stack-2\/#primaryimage\",\"url\":\"https:\/\/us.biaxol.com\/app\/uploads\/2025\/07\/Stacks-Bulking_US_Liquid-sarms_1500px.webp\",\"contentUrl\":\"https:\/\/us.biaxol.com\/app\/uploads\/2025\/07\/Stacks-Bulking_US_Liquid-sarms_1500px.webp\",\"width\":1500,\"height\":1500,\"caption\":\"Biaxol Bulking Stack\"},{\"@type\":\"BreadcrumbList\",\"@id\":\"https:\/\/us.biaxol.com\/es\/product\/bulking-stack-2\/#breadcrumb\",\"itemListElement\":[{\"@type\":\"ListItem\",\"position\":1,\"name\":\"Home\",\"item\":\"https:\/\/us.biaxol.com\/es\/inicio\/\"},{\"@type\":\"ListItem\",\"position\":2,\"name\":\"Tienda\",\"item\":\"https:\/\/us.biaxol.com\/es\/tienda\/\"},{\"@type\":\"ListItem\",\"position\":3,\"name\":\"Bulking Stack\"}]},{\"@type\":\"WebSite\",\"@id\":\"https:\/\/us.biaxol.com\/es\/#website\",\"url\":\"https:\/\/us.biaxol.com\/es\/\",\"name\":\"US Biaxol\",\"description\":\"\",\"potentialAction\":[{\"@type\":\"SearchAction\",\"target\":{\"@type\":\"EntryPoint\",\"urlTemplate\":\"https:\/\/us.biaxol.com\/es\/?s={search_term_string}\"},\"query-input\":{\"@type\":\"PropertyValueSpecification\",\"valueRequired\":true,\"valueName\":\"search_term_string\"}}],\"inLanguage\":\"es-ES\"}]}<\/script>\n<!-- \/ Yoast SEO plugin. -->","yoast_head_json":{"title":"Bulking Stack","description":"Compra este stack de volumen para desarrollar masa muscular magra, aumentar el apetito y acelerar la recuperaci\u00f3n con YK11, RAD-140, LGD-4033 y MK-677.","robots":{"index":"index","follow":"follow","max-snippet":"max-snippet:-1","max-image-preview":"max-image-preview:large","max-video-preview":"max-video-preview:-1"},"canonical":"https:\/\/us.biaxol.com\/es\/product\/bulking-stack-2\/","og_locale":"es_ES","og_type":"article","og_title":"Bulking Stack","og_description":"Compra este stack de volumen para desarrollar masa muscular magra, aumentar el apetito y acelerar la recuperaci\u00f3n con YK11, RAD-140, LGD-4033 y MK-677.","og_url":"https:\/\/us.biaxol.com\/es\/product\/bulking-stack-2\/","og_site_name":"US Biaxol","article_modified_time":"2025-08-26T11:01:05+00:00","og_image":[{"width":1500,"height":1500,"url":"https:\/\/us.biaxol.com\/app\/uploads\/2025\/07\/Stacks-Bulking_US_Liquid-sarms_1500px.webp","type":"image\/webp"}],"twitter_card":"summary_large_image","twitter_misc":{"Est. reading time":"1 minute"},"schema":{"@context":"https:\/\/schema.org","@graph":[{"@type":"WebPage","@id":"https:\/\/us.biaxol.com\/es\/product\/bulking-stack-2\/","url":"https:\/\/us.biaxol.com\/es\/product\/bulking-stack-2\/","name":"Bulking Stack","isPartOf":{"@id":"https:\/\/us.biaxol.com\/es\/#website"},"primaryImageOfPage":{"@id":"https:\/\/us.biaxol.com\/es\/product\/bulking-stack-2\/#primaryimage"},"image":{"@id":"https:\/\/us.biaxol.com\/es\/product\/bulking-stack-2\/#primaryimage"},"thumbnailUrl":"https:\/\/us.biaxol.com\/app\/uploads\/2025\/07\/Stacks-Bulking_US_Liquid-sarms_1500px.webp","datePublished":"2025-07-23T07:52:22+00:00","dateModified":"2025-08-26T11:01:05+00:00","description":"Compra este stack de volumen para desarrollar masa muscular magra, aumentar el apetito y acelerar la recuperaci\u00f3n con YK11, RAD-140, LGD-4033 y MK-677.","breadcrumb":{"@id":"https:\/\/us.biaxol.com\/es\/product\/bulking-stack-2\/#breadcrumb"},"inLanguage":"es-ES","potentialAction":[{"@type":"ReadAction","target":["https:\/\/us.biaxol.com\/es\/product\/bulking-stack-2\/"]}]},{"@type":"ImageObject","inLanguage":"es-ES","@id":"https:\/\/us.biaxol.com\/es\/product\/bulking-stack-2\/#primaryimage","url":"https:\/\/us.biaxol.com\/app\/uploads\/2025\/07\/Stacks-Bulking_US_Liquid-sarms_1500px.webp","contentUrl":"https:\/\/us.biaxol.com\/app\/uploads\/2025\/07\/Stacks-Bulking_US_Liquid-sarms_1500px.webp","width":1500,"height":1500,"caption":"Biaxol Bulking Stack"},{"@type":"BreadcrumbList","@id":"https:\/\/us.biaxol.com\/es\/product\/bulking-stack-2\/#breadcrumb","itemListElement":[{"@type":"ListItem","position":1,"name":"Home","item":"https:\/\/us.biaxol.com\/es\/inicio\/"},{"@type":"ListItem","position":2,"name":"Tienda","item":"https:\/\/us.biaxol.com\/es\/tienda\/"},{"@type":"ListItem","position":3,"name":"Bulking Stack"}]},{"@type":"WebSite","@id":"https:\/\/us.biaxol.com\/es\/#website","url":"https:\/\/us.biaxol.com\/es\/","name":"US Biaxol","description":"","potentialAction":[{"@type":"SearchAction","target":{"@type":"EntryPoint","urlTemplate":"https:\/\/us.biaxol.com\/es\/?s={search_term_string}"},"query-input":{"@type":"PropertyValueSpecification","valueRequired":true,"valueName":"search_term_string"}}],"inLanguage":"es-ES"}]}},"_links":{"self":[{"href":"https:\/\/us.biaxol.com\/es\/wp-json\/wp\/v2\/product\/1836","targetHints":{"allow":["GET"]}}],"collection":[{"href":"https:\/\/us.biaxol.com\/es\/wp-json\/wp\/v2\/product"}],"about":[{"href":"https:\/\/us.biaxol.com\/es\/wp-json\/wp\/v2\/types\/product"}],"replies":[{"embeddable":true,"href":"https:\/\/us.biaxol.com\/es\/wp-json\/wp\/v2\/comments?post=1836"}],"version-history":[{"count":4,"href":"https:\/\/us.biaxol.com\/es\/wp-json\/wp\/v2\/product\/1836\/revisions"}],"predecessor-version":[{"id":1842,"href":"https:\/\/us.biaxol.com\/es\/wp-json\/wp\/v2\/product\/1836\/revisions\/1842"}],"wp:featuredmedia":[{"embeddable":true,"href":"https:\/\/us.biaxol.com\/es\/wp-json\/wp\/v2\/media\/1805"}],"wp:attachment":[{"href":"https:\/\/us.biaxol.com\/es\/wp-json\/wp\/v2\/media?parent=1836"}],"wp:term":[{"taxonomy":"product_brand","embeddable":true,"href":"https:\/\/us.biaxol.com\/es\/wp-json\/wp\/v2\/product_brand?post=1836"},{"taxonomy":"product_cat","embeddable":true,"href":"https:\/\/us.biaxol.com\/es\/wp-json\/wp\/v2\/product_cat?post=1836"},{"taxonomy":"product_tag","embeddable":true,"href":"https:\/\/us.biaxol.com\/es\/wp-json\/wp\/v2\/product_tag?post=1836"}],"curies":[{"name":"wp","href":"https:\/\/api.w.org\/{rel}","templated":true}]}}