{"id":556,"date":"2024-09-20T12:53:15","date_gmt":"2024-09-20T12:53:15","guid":{"rendered":"https:\/\/us.biaxol.com\/politica-de-devoluciones-y-reembolsos\/"},"modified":"2025-04-14T09:55:21","modified_gmt":"2025-04-14T09:55:21","slug":"politica-de-devoluciones-y-reembolsos","status":"publish","type":"page","link":"https:\/\/us.biaxol.com\/es\/politica-de-devoluciones-y-reembolsos\/","title":{"rendered":"Pol\u00edtica de devoluciones y reembolsos"},"content":{"rendered":"\t\t<div data-elementor-type=\"wp-page\" data-elementor-id=\"556\" class=\"elementor elementor-556 elementor-12\" data-elementor-post-type=\"page\">\n\t\t\t\t<div class=\"elementor-element elementor-element-311f7817 e-flex e-con-boxed e-con e-parent\" data-id=\"311f7817\" data-element_type=\"container\">\n\t\t\t\t\t<div class=\"e-con-inner\">\n\t\t\t\t<div class=\"elementor-element elementor-element-4f5be52 color-scheme-inherit text-left elementor-widget elementor-widget-text-editor\" data-id=\"4f5be52\" data-element_type=\"widget\" data-widget_type=\"text-editor.default\">\n\t\t\t\t<div class=\"elementor-widget-container\">\n\t\t\t\t\t\t\t\t\t<h1><strong>DEVOLUCI\u00d3N Y REEMBOLSO<\/strong><\/h1><p><b>Satisfacci\u00f3n garantizada<\/b><\/p><p>En BIAXOL, tu satisfacci\u00f3n es nuestra m\u00e1xima prioridad. Respaldamos la calidad de nuestros productos y nuestro objetivo es ofrecerte una experiencia perfecta. Consulta nuestra pol\u00edtica de devoluciones detallada a continuaci\u00f3n:<\/p><p><b style=\"font-size: 14px;\">Pol\u00edtica de devoluciones<\/b><\/p><p>No hay reembolsos: BIAXOL no ofrece reembolsos en las compras realizadas a trav\u00e9s de us.biaxol.com, excepto en los casos en que se produzca un error en el env\u00edo o se demuestre que la pureza del producto no cumple las especificaciones que figuran en nuestro sitio.<\/p><p>Condiciones de devoluci\u00f3n: Los reembolsos s\u00f3lo se efectuar\u00e1n una vez que los art\u00edculos nos hayan sido devueltos por cuenta del comprador. Debido a la naturaleza de nuestros productos de investigaci\u00f3n, no podemos determinar las condiciones a las que son sometidos una vez salen de nuestras instalaciones.<\/p><p>Productos que faltan: Si falta alg\u00fan producto en tu pedido, ponte en contacto con nosotros inmediatamente. Tras verificar tu reclamaci\u00f3n, te enviaremos el producto o productos que falten.<\/p><p><b>Pedidos no entregados<\/b><\/p><p>P\u00e9rdida en tr\u00e1nsito: Si tu pedido se pierde durante el transporte, te enviaremos un art\u00edculo de sustituci\u00f3n seg\u00fan los criterios del servicio de mensajer\u00eda para art\u00edculos perdidos, tal y como se indica en tu informaci\u00f3n de seguimiento.<\/p><p>Marcado como Entregado: Si el seguimiento de tu pedido indica &#8220;Entregado&#8221; pero no lo has recibido, compru\u00e9balo primero en tu oficina de correos local. Si sigues sin recibirlo, ponte en contacto con nosotros en us.biaxol.com.<\/p><p><b>Tasa de devoluci\u00f3n de pedidos devueltos<\/b><\/p><p>Informaci\u00f3n incorrecta: Si tu pedido es devuelto debido a que la informaci\u00f3n de entrega facilitada por ti es incorrecta o insuficiente, o si la mercanc\u00eda no se puede entregar por causas ajenas a us.biaxol.com, podemos cobrar una tarifa de reenv\u00edo igual al coste del reenv\u00edo.<\/p><p>Recogida puntual: Aseg\u00farate de que proporcionas la informaci\u00f3n postal correcta y recoge tus art\u00edculos en tu oficina de correos local a tiempo para evitar gastos de reenv\u00edo.<\/p><p>Entrega por terceros: Todas las entregas son gestionadas por terceros y est\u00e1n sujetas a sus t\u00e9rminos y condiciones. Aunque nos esforzamos por entregar tu pedido con prontitud, no podemos garantizar plazos de entrega o niveles de servicio espec\u00edficos.<\/p><p><b>Paquetes perdidos o robados<\/b><\/p><p>Responsabilidad: No nos hacemos responsables de los paquetes perdidos o robados despu\u00e9s de que la informaci\u00f3n de seguimiento confirme que la entrega se ha realizado correctamente. Los afiliados son responsables de sus pedidos desde el momento en que el paquete se marca como &#8220;enviado&#8221; hasta que se entrega.<\/p><p><b>Descargo de responsabilidad<\/b><\/p><p>Uso exclusivo en investigaci\u00f3n: Todos los productos BIAXOL son s\u00f3lo para fines de investigaci\u00f3n y no est\u00e1n destinados a tratar, curar o prevenir ninguna enfermedad. Est\u00e1n destinados exclusivamente al uso en laboratorio y a la investigaci\u00f3n personal. Los compradores deben tener al menos 18 a\u00f1os para adquirir productos BIAXOL.<\/p><p>Finalidad de la informaci\u00f3n: Toda la informaci\u00f3n sobre los productos BIAXOL, el sitio web y las comunicaciones tiene una finalidad meramente informativa y educativa, y no sustituye el consejo m\u00e9dico de los profesionales.<\/p><p><b>Env\u00edos embargados y aduanas (pedidos internacionales)<\/b><\/p><p>Env\u00edos incautados: Si un env\u00edo es confiscado, ofreceremos un reenv\u00edo gratuito por una sola vez. Si el art\u00edculo vuelve a ser confiscado, no reembolsaremos el pedido, pero podemos ofrecer un reenv\u00edo o un cr\u00e9dito en la tienda.<\/p><p>Tasas aduaneras: Pueden cobrarse impuestos de importaci\u00f3n, aranceles y tasas aduaneras relacionadas a la llegada al destino final. Estos cargos son responsabilidad del comprador y no ser\u00e1n cubiertos por BIAXOL.<\/p><p>Retrasos aduaneros: No nos hacemos responsables de los retrasos causados por las aduanas de tu pa\u00eds. Para m\u00e1s detalles sobre los cargos, ponte en contacto con tu oficina de aduanas local.<\/p><p><b>Cancelar o modificar un pedido<\/b><\/p><p>Modificaciones: Para modificar tu pedido, env\u00edanos un correo electr\u00f3nico lo antes posible despu\u00e9s de realizarlo. S\u00f3lo podemos modificar tu pedido si a\u00fan no ha sido enviado.<\/p><p>Cancelaci\u00f3n: Nuestro equipo te ayudar\u00e1 con la cancelaci\u00f3n del pedido y emitir\u00e1 un reembolso en forma de futuros cr\u00e9ditos en la tienda.<\/p><p><b style=\"font-size: 14px;\">Ten en cuenta que una vez que tu pedido ha salido de nuestras instalaciones, no tenemos control sobre ning\u00fan tipo de retraso, por lo que no podemos garantizar la hora exacta de llegada.<\/b><\/p><p><b style=\"font-size: 14px;\">\u00a0<\/b><\/p><p><b>BIAXOL TRADE LTD<\/b><\/p><p><b>Suite 40 66 43 Bedford Street, Londres, Reino Unido, WC2E 9HA<\/b><\/p><p><b>N\u00famero de empresa 14230941<\/b><\/p><p><b>Correo electr\u00f3nico: info@us.biaxol.com<\/b><\/p>\t\t\t\t\t\t\t\t<\/div>\n\t\t\t\t<\/div>\n\t\t\t\t\t<\/div>\n\t\t\t\t<\/div>\n\t\t\t\t<\/div>\n\t\t","protected":false},"excerpt":{"rendered":"<p>DEVOLUCI\u00d3N Y REEMBOLSO Satisfacci\u00f3n garantizada En BIAXOL, tu satisfacci\u00f3n es nuestra m\u00e1xima prioridad. Respaldamos la calidad de nuestros productos y<\/p>\n","protected":false},"author":2,"featured_media":0,"parent":0,"menu_order":0,"comment_status":"closed","ping_status":"closed","template":"","meta":{"footnotes":""},"class_list":["post-556","page","type-page","status-publish","hentry"],"yoast_head":"<!-- This site is optimized with the Yoast SEO plugin v23.9 - https:\/\/yoast.com\/wordpress\/plugins\/seo\/ -->\n<title>Pol\u00edtica de devoluciones y reembolsos - US Biaxol<\/title>\n<meta name=\"robots\" content=\"index, follow, max-snippet:-1, max-image-preview:large, max-video-preview:-1\" \/>\n<link rel=\"canonical\" href=\"https:\/\/us.biaxol.com\/es\/politica-de-devoluciones-y-reembolsos\/\" \/>\n<meta property=\"og:locale\" content=\"es_ES\" \/>\n<meta property=\"og:type\" content=\"article\" \/>\n<meta property=\"og:title\" content=\"Pol\u00edtica de devoluciones y reembolsos - US Biaxol\" \/>\n<meta property=\"og:description\" content=\"DEVOLUCI\u00d3N Y REEMBOLSO Satisfacci\u00f3n garantizada En BIAXOL, tu satisfacci\u00f3n es nuestra m\u00e1xima prioridad. Respaldamos la calidad de nuestros productos y\" \/>\n<meta property=\"og:url\" content=\"https:\/\/us.biaxol.com\/es\/politica-de-devoluciones-y-reembolsos\/\" \/>\n<meta property=\"og:site_name\" content=\"US Biaxol\" \/>\n<meta property=\"article:modified_time\" content=\"2025-04-14T09:55:21+00:00\" \/>\n<meta name=\"twitter:card\" content=\"summary_large_image\" \/>\n<meta name=\"twitter:label1\" content=\"Est. reading time\" \/>\n\t<meta name=\"twitter:data1\" content=\"4 minutes\" \/>\n<script type=\"application\/ld+json\" class=\"yoast-schema-graph\">{\"@context\":\"https:\/\/schema.org\",\"@graph\":[{\"@type\":\"WebPage\",\"@id\":\"https:\/\/us.biaxol.com\/es\/politica-de-devoluciones-y-reembolsos\/\",\"url\":\"https:\/\/us.biaxol.com\/es\/politica-de-devoluciones-y-reembolsos\/\",\"name\":\"Pol\u00edtica de devoluciones y reembolsos - US Biaxol\",\"isPartOf\":{\"@id\":\"https:\/\/us.biaxol.com\/es\/#website\"},\"datePublished\":\"2024-09-20T12:53:15+00:00\",\"dateModified\":\"2025-04-14T09:55:21+00:00\",\"breadcrumb\":{\"@id\":\"https:\/\/us.biaxol.com\/es\/politica-de-devoluciones-y-reembolsos\/#breadcrumb\"},\"inLanguage\":\"es-ES\",\"potentialAction\":[{\"@type\":\"ReadAction\",\"target\":[\"https:\/\/us.biaxol.com\/es\/politica-de-devoluciones-y-reembolsos\/\"]}]},{\"@type\":\"BreadcrumbList\",\"@id\":\"https:\/\/us.biaxol.com\/es\/politica-de-devoluciones-y-reembolsos\/#breadcrumb\",\"itemListElement\":[{\"@type\":\"ListItem\",\"position\":1,\"name\":\"Home\",\"item\":\"https:\/\/us.biaxol.com\/es\/inicio\/\"},{\"@type\":\"ListItem\",\"position\":2,\"name\":\"Pol\u00edtica de devoluciones y reembolsos\"}]},{\"@type\":\"WebSite\",\"@id\":\"https:\/\/us.biaxol.com\/es\/#website\",\"url\":\"https:\/\/us.biaxol.com\/es\/\",\"name\":\"US Biaxol\",\"description\":\"\",\"potentialAction\":[{\"@type\":\"SearchAction\",\"target\":{\"@type\":\"EntryPoint\",\"urlTemplate\":\"https:\/\/us.biaxol.com\/es\/?s={search_term_string}\"},\"query-input\":{\"@type\":\"PropertyValueSpecification\",\"valueRequired\":true,\"valueName\":\"search_term_string\"}}],\"inLanguage\":\"es-ES\"}]}<\/script>\n<!-- \/ Yoast SEO plugin. -->","yoast_head_json":{"title":"Pol\u00edtica de devoluciones y reembolsos - US Biaxol","robots":{"index":"index","follow":"follow","max-snippet":"max-snippet:-1","max-image-preview":"max-image-preview:large","max-video-preview":"max-video-preview:-1"},"canonical":"https:\/\/us.biaxol.com\/es\/politica-de-devoluciones-y-reembolsos\/","og_locale":"es_ES","og_type":"article","og_title":"Pol\u00edtica de devoluciones y reembolsos - US Biaxol","og_description":"DEVOLUCI\u00d3N Y REEMBOLSO Satisfacci\u00f3n garantizada En BIAXOL, tu satisfacci\u00f3n es nuestra m\u00e1xima prioridad. Respaldamos la calidad de nuestros productos y","og_url":"https:\/\/us.biaxol.com\/es\/politica-de-devoluciones-y-reembolsos\/","og_site_name":"US Biaxol","article_modified_time":"2025-04-14T09:55:21+00:00","twitter_card":"summary_large_image","twitter_misc":{"Est. reading time":"4 minutes"},"schema":{"@context":"https:\/\/schema.org","@graph":[{"@type":"WebPage","@id":"https:\/\/us.biaxol.com\/es\/politica-de-devoluciones-y-reembolsos\/","url":"https:\/\/us.biaxol.com\/es\/politica-de-devoluciones-y-reembolsos\/","name":"Pol\u00edtica de devoluciones y reembolsos - US Biaxol","isPartOf":{"@id":"https:\/\/us.biaxol.com\/es\/#website"},"datePublished":"2024-09-20T12:53:15+00:00","dateModified":"2025-04-14T09:55:21+00:00","breadcrumb":{"@id":"https:\/\/us.biaxol.com\/es\/politica-de-devoluciones-y-reembolsos\/#breadcrumb"},"inLanguage":"es-ES","potentialAction":[{"@type":"ReadAction","target":["https:\/\/us.biaxol.com\/es\/politica-de-devoluciones-y-reembolsos\/"]}]},{"@type":"BreadcrumbList","@id":"https:\/\/us.biaxol.com\/es\/politica-de-devoluciones-y-reembolsos\/#breadcrumb","itemListElement":[{"@type":"ListItem","position":1,"name":"Home","item":"https:\/\/us.biaxol.com\/es\/inicio\/"},{"@type":"ListItem","position":2,"name":"Pol\u00edtica de devoluciones y reembolsos"}]},{"@type":"WebSite","@id":"https:\/\/us.biaxol.com\/es\/#website","url":"https:\/\/us.biaxol.com\/es\/","name":"US Biaxol","description":"","potentialAction":[{"@type":"SearchAction","target":{"@type":"EntryPoint","urlTemplate":"https:\/\/us.biaxol.com\/es\/?s={search_term_string}"},"query-input":{"@type":"PropertyValueSpecification","valueRequired":true,"valueName":"search_term_string"}}],"inLanguage":"es-ES"}]}},"_links":{"self":[{"href":"https:\/\/us.biaxol.com\/es\/wp-json\/wp\/v2\/pages\/556","targetHints":{"allow":["GET"]}}],"collection":[{"href":"https:\/\/us.biaxol.com\/es\/wp-json\/wp\/v2\/pages"}],"about":[{"href":"https:\/\/us.biaxol.com\/es\/wp-json\/wp\/v2\/types\/page"}],"author":[{"embeddable":true,"href":"https:\/\/us.biaxol.com\/es\/wp-json\/wp\/v2\/users\/2"}],"replies":[{"embeddable":true,"href":"https:\/\/us.biaxol.com\/es\/wp-json\/wp\/v2\/comments?post=556"}],"version-history":[{"count":13,"href":"https:\/\/us.biaxol.com\/es\/wp-json\/wp\/v2\/pages\/556\/revisions"}],"predecessor-version":[{"id":1090,"href":"https:\/\/us.biaxol.com\/es\/wp-json\/wp\/v2\/pages\/556\/revisions\/1090"}],"wp:attachment":[{"href":"https:\/\/us.biaxol.com\/es\/wp-json\/wp\/v2\/media?parent=556"}],"curies":[{"name":"wp","href":"https:\/\/api.w.org\/{rel}","templated":true}]}}